{"id":2353,"date":"2025-07-26T16:44:40","date_gmt":"2025-07-26T12:44:40","guid":{"rendered":"https:\/\/gccgrandtours.com\/application\/"},"modified":"2025-09-04T17:45:44","modified_gmt":"2025-09-04T13:45:44","slug":"application","status":"publish","type":"page","link":"https:\/\/gccgrandtours.com\/tr\/application\/","title":{"rendered":"GCC Grand Tours Vize Ba\u015fvurusu"},"content":{"rendered":"","protected":false},"excerpt":{"rendered":"","protected":false},"author":4,"featured_media":0,"parent":0,"menu_order":0,"comment_status":"closed","ping_status":"closed","template":"template-application.php","meta":{"_acf_changed":false,"inline_featured_image":false,"footnotes":""},"class_list":["post-2353","page","type-page","status-publish","hentry"],"acf":[],"yoast_head":"<!-- This site is optimized with the Yoast SEO Premium plugin v24.0 (Yoast SEO v24.0) - https:\/\/yoast.com\/wordpress\/plugins\/seo\/ -->\n<title>Birle\u015fik GCC Turist Vizesi: Ba\u015fvuru Rehberi ve 2025 G\u00fcncellemesi<\/title>\n<meta name=\"description\" content=\"GCC Grand Tours Vizesi 2025&#039;in sonlar\u0131nda \u00e7\u0131kacak. Nas\u0131l ba\u015fvuraca\u011f\u0131n\u0131z\u0131, hangi belgelerin gerekti\u011fini ve yeni GCC turist vizesine kimlerin ba\u015fvurabilece\u011fini \u00f6\u011frenin.\" \/>\n<meta name=\"robots\" content=\"index, follow, max-snippet:-1, max-image-preview:large, max-video-preview:-1\" \/>\n<link rel=\"canonical\" href=\"https:\/\/gccgrandtours.com\/tr\/application\/\" \/>\n<meta property=\"og:locale\" content=\"tr_TR\" \/>\n<meta property=\"og:type\" content=\"article\" \/>\n<meta property=\"og:title\" content=\"Birle\u015fik GCC Turist Vizesi: Ba\u015fvuru Rehberi ve 2025 G\u00fcncellemesi\" \/>\n<meta property=\"og:description\" content=\"GCC Grand Tours Vizesi 2025&#039;in sonlar\u0131nda \u00e7\u0131kacak. Nas\u0131l ba\u015fvuraca\u011f\u0131n\u0131z\u0131, hangi belgelerin gerekti\u011fini ve yeni GCC turist vizesine kimlerin ba\u015fvurabilece\u011fini \u00f6\u011frenin.\" \/>\n<meta property=\"og:url\" content=\"https:\/\/gccgrandtours.com\/tr\/application\/\" \/>\n<meta property=\"og:site_name\" content=\"GCCGrandTours.com\" \/>\n<meta property=\"article:modified_time\" content=\"2025-09-04T13:45:44+00:00\" \/>\n<meta name=\"twitter:card\" content=\"summary_large_image\" \/>\n<meta name=\"twitter:title\" content=\"GCC Grand Tours Vize Ba\u015fvurusu\" \/>\n<script type=\"application\/ld+json\" class=\"yoast-schema-graph\">{\"@context\":\"https:\/\/schema.org\",\"@graph\":[{\"@type\":\"WebPage\",\"@id\":\"https:\/\/gccgrandtours.com\/tr\/application\/\",\"url\":\"https:\/\/gccgrandtours.com\/tr\/application\/\",\"name\":\"Birle\u015fik GCC Turist Vizesi: Ba\u015fvuru Rehberi ve 2025 G\u00fcncellemesi\",\"isPartOf\":{\"@id\":\"https:\/\/gccgrandtours.com\/tr\/#website\"},\"datePublished\":\"2025-07-26T12:44:40+00:00\",\"dateModified\":\"2025-09-04T13:45:44+00:00\",\"description\":\"GCC Grand Tours Vizesi 2025'in sonlar\u0131nda \u00e7\u0131kacak. Nas\u0131l ba\u015fvuraca\u011f\u0131n\u0131z\u0131, hangi belgelerin gerekti\u011fini ve yeni GCC turist vizesine kimlerin ba\u015fvurabilece\u011fini \u00f6\u011frenin.\",\"breadcrumb\":{\"@id\":\"https:\/\/gccgrandtours.com\/tr\/application\/#breadcrumb\"},\"inLanguage\":\"tr\",\"potentialAction\":[{\"@type\":\"ReadAction\",\"target\":[\"https:\/\/gccgrandtours.com\/tr\/application\/\"]}]},{\"@type\":\"BreadcrumbList\",\"@id\":\"https:\/\/gccgrandtours.com\/tr\/application\/#breadcrumb\",\"itemListElement\":[{\"@type\":\"ListItem\",\"position\":1,\"name\":\"Home\",\"item\":\"https:\/\/gccgrandtours.com\/tr\/\"},{\"@type\":\"ListItem\",\"position\":2,\"name\":\"GCC Grand Tours Vize Ba\u015fvurusu\"}]},{\"@type\":\"WebSite\",\"@id\":\"https:\/\/gccgrandtours.com\/tr\/#website\",\"url\":\"https:\/\/gccgrandtours.com\/tr\/\",\"name\":\"GCCGrandTours.com\",\"description\":\"\",\"potentialAction\":[{\"@type\":\"SearchAction\",\"target\":{\"@type\":\"EntryPoint\",\"urlTemplate\":\"https:\/\/gccgrandtours.com\/tr\/?s={search_term_string}\"},\"query-input\":{\"@type\":\"PropertyValueSpecification\",\"valueRequired\":true,\"valueName\":\"search_term_string\"}}],\"inLanguage\":\"tr\"}]}<\/script>\n<!-- \/ Yoast SEO Premium plugin. -->","yoast_head_json":{"title":"Birle\u015fik GCC Turist Vizesi: Ba\u015fvuru Rehberi ve 2025 G\u00fcncellemesi","description":"GCC Grand Tours Vizesi 2025'in sonlar\u0131nda \u00e7\u0131kacak. Nas\u0131l ba\u015fvuraca\u011f\u0131n\u0131z\u0131, hangi belgelerin gerekti\u011fini ve yeni GCC turist vizesine kimlerin ba\u015fvurabilece\u011fini \u00f6\u011frenin.","robots":{"index":"index","follow":"follow","max-snippet":"max-snippet:-1","max-image-preview":"max-image-preview:large","max-video-preview":"max-video-preview:-1"},"canonical":"https:\/\/gccgrandtours.com\/tr\/application\/","og_locale":"tr_TR","og_type":"article","og_title":"Birle\u015fik GCC Turist Vizesi: Ba\u015fvuru Rehberi ve 2025 G\u00fcncellemesi","og_description":"GCC Grand Tours Vizesi 2025'in sonlar\u0131nda \u00e7\u0131kacak. Nas\u0131l ba\u015fvuraca\u011f\u0131n\u0131z\u0131, hangi belgelerin gerekti\u011fini ve yeni GCC turist vizesine kimlerin ba\u015fvurabilece\u011fini \u00f6\u011frenin.","og_url":"https:\/\/gccgrandtours.com\/tr\/application\/","og_site_name":"GCCGrandTours.com","article_modified_time":"2025-09-04T13:45:44+00:00","twitter_card":"summary_large_image","twitter_title":"GCC Grand Tours Vize Ba\u015fvurusu","schema":{"@context":"https:\/\/schema.org","@graph":[{"@type":"WebPage","@id":"https:\/\/gccgrandtours.com\/tr\/application\/","url":"https:\/\/gccgrandtours.com\/tr\/application\/","name":"Birle\u015fik GCC Turist Vizesi: Ba\u015fvuru Rehberi ve 2025 G\u00fcncellemesi","isPartOf":{"@id":"https:\/\/gccgrandtours.com\/tr\/#website"},"datePublished":"2025-07-26T12:44:40+00:00","dateModified":"2025-09-04T13:45:44+00:00","description":"GCC Grand Tours Vizesi 2025'in sonlar\u0131nda \u00e7\u0131kacak. Nas\u0131l ba\u015fvuraca\u011f\u0131n\u0131z\u0131, hangi belgelerin gerekti\u011fini ve yeni GCC turist vizesine kimlerin ba\u015fvurabilece\u011fini \u00f6\u011frenin.","breadcrumb":{"@id":"https:\/\/gccgrandtours.com\/tr\/application\/#breadcrumb"},"inLanguage":"tr","potentialAction":[{"@type":"ReadAction","target":["https:\/\/gccgrandtours.com\/tr\/application\/"]}]},{"@type":"BreadcrumbList","@id":"https:\/\/gccgrandtours.com\/tr\/application\/#breadcrumb","itemListElement":[{"@type":"ListItem","position":1,"name":"Home","item":"https:\/\/gccgrandtours.com\/tr\/"},{"@type":"ListItem","position":2,"name":"GCC Grand Tours Vize Ba\u015fvurusu"}]},{"@type":"WebSite","@id":"https:\/\/gccgrandtours.com\/tr\/#website","url":"https:\/\/gccgrandtours.com\/tr\/","name":"GCCGrandTours.com","description":"","potentialAction":[{"@type":"SearchAction","target":{"@type":"EntryPoint","urlTemplate":"https:\/\/gccgrandtours.com\/tr\/?s={search_term_string}"},"query-input":{"@type":"PropertyValueSpecification","valueRequired":true,"valueName":"search_term_string"}}],"inLanguage":"tr"}]}},"_links":{"self":[{"href":"https:\/\/gccgrandtours.com\/tr\/wp-json\/wp\/v2\/pages\/2353","targetHints":{"allow":["GET"]}}],"collection":[{"href":"https:\/\/gccgrandtours.com\/tr\/wp-json\/wp\/v2\/pages"}],"about":[{"href":"https:\/\/gccgrandtours.com\/tr\/wp-json\/wp\/v2\/types\/page"}],"author":[{"embeddable":true,"href":"https:\/\/gccgrandtours.com\/tr\/wp-json\/wp\/v2\/users\/4"}],"replies":[{"embeddable":true,"href":"https:\/\/gccgrandtours.com\/tr\/wp-json\/wp\/v2\/comments?post=2353"}],"version-history":[{"count":1,"href":"https:\/\/gccgrandtours.com\/tr\/wp-json\/wp\/v2\/pages\/2353\/revisions"}],"predecessor-version":[{"id":2355,"href":"https:\/\/gccgrandtours.com\/tr\/wp-json\/wp\/v2\/pages\/2353\/revisions\/2355"}],"wp:attachment":[{"href":"https:\/\/gccgrandtours.com\/tr\/wp-json\/wp\/v2\/media?parent=2353"}],"curies":[{"name":"wp","href":"https:\/\/api.w.org\/{rel}","templated":true}]}}